 {"id":520,"date":"2022-04-13T11:41:51","date_gmt":"2022-04-13T09:41:51","guid":{"rendered":"https:\/\/www.tantra-rasayana.fr\/FR\/?page_id=520"},"modified":"2025-03-18T18:57:50","modified_gmt":"2025-03-18T16:57:50","slug":"le-massage-cachemirien","status":"publish","type":"page","link":"https:\/\/www.tantra-rasayana.fr\/FR\/le-massage-cachemirien\/","title":{"rendered":"Le massage cachemirien"},"content":{"rendered":"\t\t<div data-elementor-type=\"wp-post\" data-elementor-id=\"520\" class=\"elementor elementor-520\">\n\t\t\t\t\t\t<section class=\"elementor-section elementor-top-section elementor-element elementor-element-b9b50a6 elementor-section-boxed elementor-section-height-default elementor-section-height-default\" data-id=\"b9b50a6\" data-element_type=\"section\" data-e-type=\"section\">\n\t\t\t\t\t\t<div class=\"elementor-container elementor-column-gap-default\">\n\t\t\t\t\t<div class=\"elementor-column elementor-col-100 elementor-top-column elementor-element elementor-element-ec1b803\" data-id=\"ec1b803\" data-element_type=\"column\" data-e-type=\"column\">\n\t\t\t<div class=\"elementor-widget-wrap elementor-element-populated\">\n\t\t\t\t\t\t<div class=\"elementor-element elementor-element-349c94c elementor-widget elementor-widget-text-editor\" data-id=\"349c94c\" data-element_type=\"widget\" data-e-type=\"widget\" data-widget_type=\"text-editor.default\">\n\t\t\t\t<div class=\"elementor-widget-container\">\n\t\t\t\t\t\t\t\t\t<h4>Qu&rsquo;est-ce que le massage cachemirien ?<\/h4><p>Le massage cachemirien est un massage qui trouve son origine dans le Tantra yoga (ou yoga tantrique).\u00a0Il r\u00e9unifie l\u2019\u00e9nergie f\u00e9minine \u00e0 l\u2019\u00e9nergie masculine. Il est pratiqu\u00e9 entre un homme (Yang) et une femme (Yin).<br \/>Seul Fabien pratique le massage cachemirien. C&rsquo;est pourquoi <strong>il est r\u00e9serv\u00e9 exclusivement aux femmes<\/strong>.<\/p><p>Gr\u00e2ce au massage cachemirien, vous allez acc\u00e9der \u00e0\u00a0<strong>un profond l\u00e2cher prise<\/strong>\u00a0en faisant circuler l&rsquo;\u00e9nergie vitale dans tout le corps lib\u00e9rant ainsi les 4 hormones dites du plaisir : La dopamine, l&rsquo;ocytocine, la s\u00e9rotonine et l&rsquo;endorphine.\u00a0<\/p><p>Le massage est effectu\u00e9 dans la lenteur, la douceur, l&rsquo;enveloppement et ponctu\u00e9 de moments immobiles sur des points de pression\u00a0afin d\u2019activer les <em>marmas<\/em>. Les marmas sont des zones du corps (108 au total) correspondants \u00e0 des points pr\u00e9cis longeant les canaux \u00e9nerg\u00e9tiques nomm\u00e9s nadis. Ils sont \u00e9quivalent aux points d\u2019acuponcture.<br \/>Cela permet de nettoyer et de lib\u00e9rer les \u00e9nergies n\u00e9gatives qui peuvent bloquer la circulation de l\u2019\u00e9nergie vitale \u00e0 travers le corps et principalement \u00e0 travers les chakras.<\/p><h4>Les bienfaits du massage cachemirien<\/h4><ul><li>Cr\u00e9e un \u00e9quilibre parfait entre le corps, le c\u0153ur et l&rsquo;esprit (le physique, l&rsquo;\u00e9motionnel et le spirituel) appel\u00e9 <em>spanda<\/em>.<\/li><li>Lib\u00e8re le corps de ses tensions physiques.<\/li><li>Lib\u00e8re le mental de ses pens\u00e9es parasites.<\/li><li>\u00c9vacue les \u00e9motions n\u00e9gatives.<\/li><li>Ouvre le c\u0153ur afin d\u2019accueillir une \u00e9nergie lumineuse r\u00e9g\u00e9n\u00e9ratrice.<\/li><li>Rebooste la sexualit\u00e9 et r\u00e9gule une hyper sexualit\u00e9.<\/li><li>Favorise la gu\u00e9rison des troubles sexuels .<\/li><li>Favorise \u00e0 retrouver une libido \u00e9quilibr\u00e9e.<\/li><li>Permet de canaliser l&rsquo;\u00e9nergie sexuelle afin de la diffuser dans tout le corps.<\/li><li>Remonte la confiance en soi et l&rsquo;estime de soi.<\/li><\/ul><p>Pour appr\u00e9cier au maximum des bienfaits du massage cachemirien<span style=\"font-size: 1rem;\">, il est imp\u00e9ratif d\u2019\u00eatre dans un abandon total de soi, \u00eatre en confiance , de sortir ses peurs et de ses tabous.<\/span><\/p><p><span style=\"font-size: 1rem; font-weight: 800;\">D\u00e9roulement de la s\u00e9ance<\/span><\/p><p>C\u2019est un massage plus \u00ab\u00a0<em>impliquant<\/em>\u00a0\u00bb que les autres massages <strong>tout en restant dans le respect mutuel<\/strong>.\u00a0 Il est recommand\u00e9 d\u2019avoir re\u00e7u au pr\u00e9alable un massage tantra afin d\u2019appr\u00e9cier votre capacit\u00e9 au l\u00e2cher prise.<\/p><p>Le massage se pratique nu (masseur et mass\u00e9e) au sol sur futon dans un environnement propice \u00e0 la relaxation: Pi\u00e8ce chauff\u00e9e \u00e0 27\u00b0C, lumi\u00e8re tamis\u00e9e, musique douce, l\u00e9ger parfum ambiant, huile chaude&#8230;<br \/>Tout le corps est mass\u00e9, en incluant \u00e9galement les parties intimes (le yoni).<\/p><p>1) La s\u00e9ance commence par un \u00e9change pour connaitre vos attentes, parler des points pr\u00e9cis \u00e0 travailler afin de r\u00e9pondre au mieux de vos attentes.<br \/><span style=\"font-size: 1rem;\">2) S&rsquo;en suit,\u00a0 si besoin, d&rsquo;un petit moment de pause. Cela permet de calmer le mental et d&rsquo;harmoniser les \u00e9nergies.<br \/>3) Ensuite commence le massage de 2 heures<br \/>4)\u00a0<\/span><span style=\"font-size: 1rem;\">Apr\u00e8s le massage, nous pouvons faire un petit d\u00e9briefing si vous le d\u00e9sirez.<\/span><\/p><p><span style=\"font-size: 1rem;\">La dur\u00e9e totale de la s\u00e9ance dure environ 2h30. Parfois plus. Pr\u00e9voyez un peu de marge quand vous prenez votre rendez vous.<\/span><\/p><div><p>Pour plus de renseignements, n&rsquo;h\u00e9sitez pas \u00e0 contacter Fabien au 06 27 95 21 39. Il r\u00e9pondra \u00e0 toutes vos questions.<\/p><\/div>\t\t\t\t\t\t\t\t<\/div>\n\t\t\t\t<\/div>\n\t\t\t\t\t<\/div>\n\t\t<\/div>\n\t\t\t\t\t<\/div>\n\t\t<\/section>\n\t\t\t\t<\/div>\n\t\t","protected":false},"excerpt":{"rendered":"<p>Qu&rsquo;est-ce que le massage cachemirien ? Le massage cachemirien est un massage qui trouve son origine dans le Tantra yoga (ou yoga tantrique).\u00a0Il r\u00e9unifie l\u2019\u00e9nergie f\u00e9minine \u00e0 l\u2019\u00e9nergie masculine. Il est pratiqu\u00e9 entre un homme (Yang) et une femme (Yin).Seul Fabien pratique le massage cachemirien. C&rsquo;est pourquoi il est r\u00e9serv\u00e9 exclusivement aux femmes. Gr\u00e2ce au massage cachemirien, vous allez acc\u00e9der \u00e0\u00a0un profond l\u00e2cher prise\u00a0en faisant circuler l&rsquo;\u00e9nergie vitale dans tout le corps lib\u00e9rant ainsi les &hellip; <\/p>\n<p class=\"link-more\"><a href=\"https:\/\/www.tantra-rasayana.fr\/FR\/le-massage-cachemirien\/\" class=\"more-link\">Continuer la lecture<span class=\"screen-reader-text\"> de &laquo;&nbsp;Le massage cachemirien&nbsp;&raquo;<\/span><\/a><\/p>\n","protected":false},"author":1,"featured_media":0,"parent":0,"menu_order":0,"comment_status":"closed","ping_status":"closed","template":"","meta":{"om_disable_all_campaigns":false,"_monsterinsights_skip_tracking":false,"_monsterinsights_sitenote_active":false,"_monsterinsights_sitenote_note":"","_monsterinsights_sitenote_category":0,"_uf_show_specific_survey":0,"_uf_disable_surveys":false,"footnotes":""},"class_list":["post-520","page","type-page","status-publish","hentry"],"aioseo_notices":[],"_links":{"self":[{"href":"https:\/\/www.tantra-rasayana.fr\/FR\/wp-json\/wp\/v2\/pages\/520","targetHints":{"allow":["GET"]}}],"collection":[{"href":"https:\/\/www.tantra-rasayana.fr\/FR\/wp-json\/wp\/v2\/pages"}],"about":[{"href":"https:\/\/www.tantra-rasayana.fr\/FR\/wp-json\/wp\/v2\/types\/page"}],"author":[{"embeddable":true,"href":"https:\/\/www.tantra-rasayana.fr\/FR\/wp-json\/wp\/v2\/users\/1"}],"replies":[{"embeddable":true,"href":"https:\/\/www.tantra-rasayana.fr\/FR\/wp-json\/wp\/v2\/comments?post=520"}],"version-history":[{"count":108,"href":"https:\/\/www.tantra-rasayana.fr\/FR\/wp-json\/wp\/v2\/pages\/520\/revisions"}],"predecessor-version":[{"id":1002,"href":"https:\/\/www.tantra-rasayana.fr\/FR\/wp-json\/wp\/v2\/pages\/520\/revisions\/1002"}],"wp:attachment":[{"href":"https:\/\/www.tantra-rasayana.fr\/FR\/wp-json\/wp\/v2\/media?parent=520"}],"curies":[{"name":"wp","href":"https:\/\/api.w.org\/{rel}","templated":true}]}}